{"id":707,"date":"2025-05-26T07:25:03","date_gmt":"2025-05-26T07:25:03","guid":{"rendered":"https:\/\/vb-cars.be\/voitures-neuves-a-vendre\/"},"modified":"2025-11-27T15:14:53","modified_gmt":"2025-11-27T15:14:53","slug":"voitures-neuves-a-vendre","status":"publish","type":"page","link":"https:\/\/vb-cars.be\/fr\/voitures-neuves-a-vendre\/","title":{"rendered":"Voitures neuves \u00e0 vendre"},"content":{"rendered":"\t\t<div data-elementor-type=\"wp-page\" data-elementor-id=\"707\" class=\"elementor elementor-707 elementor-54\" data-elementor-post-type=\"page\">\n\t\t\t\t<div class=\"elementor-element elementor-element-9b0dcf4 e-flex e-con-boxed e-con e-parent\" data-id=\"9b0dcf4\" data-element_type=\"container\" data-e-type=\"container\" data-settings=\"{&quot;jet_parallax_layout_list&quot;:[],&quot;background_background&quot;:&quot;classic&quot;,&quot;ekit_has_onepagescroll_dot&quot;:&quot;yes&quot;}\">\n\t\t\t\t\t<div class=\"e-con-inner\">\n\t\t\t\t\t<\/div>\n\t\t\t\t<\/div>\n\t\t<div class=\"elementor-element elementor-element-3883716 e-flex e-con-boxed e-con e-parent\" data-id=\"3883716\" data-element_type=\"container\" data-e-type=\"container\" data-settings=\"{&quot;jet_parallax_layout_list&quot;:[],&quot;background_background&quot;:&quot;classic&quot;,&quot;ekit_has_onepagescroll_dot&quot;:&quot;yes&quot;}\">\n\t\t\t\t\t<div class=\"e-con-inner\">\n\t\t<div class=\"elementor-element elementor-element-a9016e5 e-con-full e-flex e-con e-child\" data-id=\"a9016e5\" data-element_type=\"container\" data-e-type=\"container\" data-settings=\"{&quot;jet_parallax_layout_list&quot;:[],&quot;ekit_has_onepagescroll_dot&quot;:&quot;yes&quot;}\">\n\t\t\t\t<div class=\"elementor-element elementor-element-36fcd14 elementor-widget-tablet__width-initial elementor-widget__width-initial elementor-widget-mobile__width-inherit elementor-invisible elementor-widget elementor-widget-image\" data-id=\"36fcd14\" data-element_type=\"widget\" data-e-type=\"widget\" data-settings=\"{&quot;_animation&quot;:&quot;fadeInLeft&quot;,&quot;ekit_we_effect_on&quot;:&quot;none&quot;}\" data-widget_type=\"image.default\">\n\t\t\t\t<div class=\"elementor-widget-container\">\n\t\t\t\t\t\t\t\t\t\t\t\t\t\t\t<img fetchpriority=\"high\" decoding=\"async\" width=\"800\" height=\"533\" src=\"https:\/\/vb-cars.be\/wp-content\/uploads\/2025\/05\/dealership-cars-alley-1024x682.jpg\" class=\"attachment-large size-large wp-image-399\" alt=\"Dealership Cars Alley\" srcset=\"https:\/\/vb-cars.be\/wp-content\/uploads\/2025\/05\/dealership-cars-alley-1024x682.jpg 1024w, https:\/\/vb-cars.be\/wp-content\/uploads\/2025\/05\/dealership-cars-alley-300x200.jpg 300w, https:\/\/vb-cars.be\/wp-content\/uploads\/2025\/05\/dealership-cars-alley-768x512.jpg 768w, https:\/\/vb-cars.be\/wp-content\/uploads\/2025\/05\/dealership-cars-alley-1536x1024.jpg 1536w, https:\/\/vb-cars.be\/wp-content\/uploads\/2025\/05\/dealership-cars-alley.jpg 2000w\" sizes=\"(max-width: 800px) 100vw, 800px\" \/>\t\t\t\t\t\t\t\t\t\t\t\t\t\t\t<\/div>\n\t\t\t\t<\/div>\n\t\t\t\t<div class=\"elementor-element elementor-element-cfe70aa elementor-widget-tablet__width-inherit elementor-widget__width-inherit elementor-widget-mobile__width-inherit elementor-invisible elementor-widget elementor-widget-image\" data-id=\"cfe70aa\" data-element_type=\"widget\" data-e-type=\"widget\" data-settings=\"{&quot;_animation&quot;:&quot;fadeInLeft&quot;,&quot;ekit_we_effect_on&quot;:&quot;none&quot;}\" data-widget_type=\"image.default\">\n\t\t\t\t<div class=\"elementor-widget-container\">\n\t\t\t\t\t\t\t\t\t\t\t\t\t\t\t<img decoding=\"async\" width=\"800\" height=\"534\" src=\"https:\/\/vb-cars.be\/wp-content\/uploads\/2025\/05\/AdobeStock_557999700-1024x683.jpg\" class=\"attachment-large size-large wp-image-100\" alt=\"\" srcset=\"https:\/\/vb-cars.be\/wp-content\/uploads\/2025\/05\/AdobeStock_557999700-1024x683.jpg 1024w, https:\/\/vb-cars.be\/wp-content\/uploads\/2025\/05\/AdobeStock_557999700-300x200.jpg 300w, https:\/\/vb-cars.be\/wp-content\/uploads\/2025\/05\/AdobeStock_557999700-768x512.jpg 768w, https:\/\/vb-cars.be\/wp-content\/uploads\/2025\/05\/AdobeStock_557999700-1536x1024.jpg 1536w, https:\/\/vb-cars.be\/wp-content\/uploads\/2025\/05\/AdobeStock_557999700.jpg 1999w\" sizes=\"(max-width: 800px) 100vw, 800px\" \/>\t\t\t\t\t\t\t\t\t\t\t\t\t\t\t<\/div>\n\t\t\t\t<\/div>\n\t\t\t\t<\/div>\n\t\t<div class=\"elementor-element elementor-element-8f2ceee e-con-full e-flex e-con e-child\" data-id=\"8f2ceee\" data-element_type=\"container\" data-e-type=\"container\" data-settings=\"{&quot;jet_parallax_layout_list&quot;:[],&quot;ekit_has_onepagescroll_dot&quot;:&quot;yes&quot;}\">\n\t\t\t\t<div class=\"elementor-element elementor-element-1a8a68b elementor-widget__width-initial elementor-widget-tablet__width-inherit elementor-invisible elementor-widget elementor-widget-heading\" data-id=\"1a8a68b\" data-element_type=\"widget\" data-e-type=\"widget\" data-settings=\"{&quot;_animation&quot;:&quot;fadeInDown&quot;,&quot;ekit_we_effect_on&quot;:&quot;none&quot;}\" data-widget_type=\"heading.default\">\n\t\t\t\t<div class=\"elementor-widget-container\">\n\t\t\t\t\t<h2 class=\"elementor-heading-title elementor-size-default\">Acheter une nouvelle voiture ? C'est possible ici !<\/h2>\t\t\t\t<\/div>\n\t\t\t\t<\/div>\n\t\t\t\t<div class=\"elementor-element elementor-element-7c6607d elementor-widget__width-inherit elementor-widget elementor-widget-text-editor\" data-id=\"7c6607d\" data-element_type=\"widget\" data-e-type=\"widget\" data-settings=\"{&quot;ekit_we_effect_on&quot;:&quot;none&quot;}\" data-widget_type=\"text-editor.default\">\n\t\t\t\t<div class=\"elementor-widget-container\">\n\t\t\t\t\t\t\t\t\t<p>Envisagez-vous d&rsquo;acheter une <strong>nouvelle voiture<\/strong> ? Nous serons ravis de vous aider. Notre gamme comprend des voitures particuli\u00e8res de <strong>diff\u00e9rentes marques<\/strong>. Nous vous recommanderons un mod\u00e8le adapt\u00e9 \u00e0 la composition de votre famille, \u00e0 votre style de conduite et \u00e0 vos pr\u00e9f\u00e9rences personnelles.<\/p><p>En tant que partenaire de Qualitygarage, nous pouvons \u00e9galement vous proposer un <a href=\"https:\/\/www.www..qualitygarage.be&amp;utm_medium=banner&amp;utm_campaign=Directlease\" target=\"_blank\" rel=\"noopener\"><strong>leasing priv\u00e9<\/strong><\/a>. Vous n&rsquo;avez ainsi pas \u00e0 investir une somme importante en une seule fois. N&rsquo;h\u00e9sitez pas \u00e0 nous <a href=\"https:\/\/vb-cars.be\/fr\/contact\/\"><strong>contacter<\/strong><\/a> si vous souhaitez obtenir plus d&rsquo;informations \u00e0 ce sujet.<\/p>\t\t\t\t\t\t\t\t<\/div>\n\t\t\t\t<\/div>\n\t\t\t\t<div class=\"elementor-element elementor-element-2a4b389 elementor-widget-mobile__width-inherit custom-btn elementor-invisible elementor-widget elementor-widget-button\" data-id=\"2a4b389\" data-element_type=\"widget\" data-e-type=\"widget\" data-settings=\"{&quot;_animation&quot;:&quot;fadeInUp&quot;,&quot;_animation_mobile&quot;:&quot;none&quot;,&quot;_animation_tablet&quot;:&quot;none&quot;,&quot;ekit_we_effect_on&quot;:&quot;none&quot;}\" data-widget_type=\"button.default\">\n\t\t\t\t<div class=\"elementor-widget-container\">\n\t\t\t\t\t\t\t\t\t<div class=\"elementor-button-wrapper\">\n\t\t\t\t\t<a class=\"elementor-button elementor-button-link elementor-size-lg\" href=\"https:\/\/vb-cars.be\/fr\/contact\/\">\n\t\t\t\t\t\t<span class=\"elementor-button-content-wrapper\">\n\t\t\t\t\t\t\t\t\t<span class=\"elementor-button-text\">Avez-vous des questions ?<\/span>\n\t\t\t\t\t<\/span>\n\t\t\t\t\t<\/a>\n\t\t\t\t<\/div>\n\t\t\t\t\t\t\t\t<\/div>\n\t\t\t\t<\/div>\n\t\t\t\t<\/div>\n\t\t\t\t\t<\/div>\n\t\t\t\t<\/div>\n\t\t\t\t<\/div>\n\t\t","protected":false},"excerpt":{"rendered":"<p>Acheter une nouvelle voiture ? C&rsquo;est possible ici ! Envisagez-vous d&rsquo;acheter une nouvelle voiture ? Nous serons ravis de vous aider. Notre gamme comprend des voitures particuli\u00e8res de diff\u00e9rentes marques. Nous vous recommanderons un mod\u00e8le adapt\u00e9 \u00e0 la composition de votre famille, \u00e0 votre style de conduite et \u00e0 vos pr\u00e9f\u00e9rences personnelles. En tant que [&hellip;]<\/p>\n","protected":false},"author":1,"featured_media":0,"parent":0,"menu_order":0,"comment_status":"closed","ping_status":"closed","template":"","meta":{"footnotes":""},"class_list":["post-707","page","type-page","status-publish","hentry"],"_links":{"self":[{"href":"https:\/\/vb-cars.be\/fr\/wp-json\/wp\/v2\/pages\/707","targetHints":{"allow":["GET"]}}],"collection":[{"href":"https:\/\/vb-cars.be\/fr\/wp-json\/wp\/v2\/pages"}],"about":[{"href":"https:\/\/vb-cars.be\/fr\/wp-json\/wp\/v2\/types\/page"}],"author":[{"embeddable":true,"href":"https:\/\/vb-cars.be\/fr\/wp-json\/wp\/v2\/users\/1"}],"replies":[{"embeddable":true,"href":"https:\/\/vb-cars.be\/fr\/wp-json\/wp\/v2\/comments?post=707"}],"version-history":[{"count":11,"href":"https:\/\/vb-cars.be\/fr\/wp-json\/wp\/v2\/pages\/707\/revisions"}],"predecessor-version":[{"id":817,"href":"https:\/\/vb-cars.be\/fr\/wp-json\/wp\/v2\/pages\/707\/revisions\/817"}],"wp:attachment":[{"href":"https:\/\/vb-cars.be\/fr\/wp-json\/wp\/v2\/media?parent=707"}],"curies":[{"name":"wp","href":"https:\/\/api.w.org\/{rel}","templated":true}]}}